{"id":46,"date":"2021-10-18T13:22:43","date_gmt":"2021-10-18T11:22:43","guid":{"rendered":"https:\/\/hamm-osteopathie.de\/frauke\/?page_id=46"},"modified":"2024-07-02T09:53:31","modified_gmt":"2024-07-02T07:53:31","slug":"impressum","status":"publish","type":"page","link":"https:\/\/hamm-osteopathie.de\/wordpress\/impressum\/","title":{"rendered":"Impressum"},"content":{"rendered":"\n<figure class=\"wp-block-image size-full\"><img loading=\"lazy\" decoding=\"async\" width=\"346\" height=\"346\" src=\"https:\/\/hamm-osteopathie.de\n\n\n\n\/wp-content\/uploads\/2021\/10\/impressum.jpg\" alt=\"\" class=\"wp-image-16\" srcset=\"https:\/\/hamm-osteopathie.de\/wp-content\/uploads\/2021\/10\/impressum.jpg 346w, https:\/\/hamm-osteopathie.de\/wp-content\/uploads\/2021\/10\/impressum-300x300.jpg 300w, https:\/\/hamm-osteopathie.de\/wp-content\/uploads\/2021\/10\/impressum-150x150.jpg 150w\" sizes=\"auto, (max-width: 346px) 100vw, 346px\" \/><\/figure>\n\n\n\n<p>Es gelten folgende berufsrechtliche Regelungen:<br>Heilpraktikergesetz vom 17.02.1939<br>Angaben zur Berufshaftpflichtversicherung: Name und Sitz der Gesellschaft: Die Continentale, Gewerbehaftpflichtversicherung, Sachversicherungs AG Ruhrallee 92 44136 Dortmund<br>Verantwortlich f\u00fcr den Inhalt nach \u00a7 55 Abs. 2 RStV: Frauke Weindel, Kleiner Sommerkamp 1, 59073 Hamm<br>Berufsordnung: Nachzulesen unter http: www.bdh-online.de<br>Rechtsgrundlage der Heilpraktikert\u00e4tigkeit, Heilpraktikergesetz und Durchf\u00fchrungsverordnung:&nbsp; www.gesetze-im-internet.de<\/p>\n\n\n\n<p>Internet Disclaimer<\/p>\n\n\n\n<p>Haftungsausschlu\u00df: Wir begr\u00fc\u00dfen jeden Interessierten auf unserer Homepage. Wir weisen darauf hin, dass sich diese Homepage und s\u00e4mtliche Informationen auf der Homepage nach deutschem Recht richtet. Jeder Benutzer, welcher \u00fcber diesen Disclaimer hinweggeht, um auf unseren einzelnen Seiten Zugriff zu nehmen, erkennt mit dem Weiterbl\u00e4ttern der Seite an, dass sich die Beziehung zwischen ihm und mir ausschlie\u00dflich nach deutschem Recht richtet. Vorsorglich weisen wir darauf hin, dass die von mir abgegebenen Informationen auf der Homepage nicht genutzt werden k\u00f6nnen, um Krankheiten oder Leiden selbst zu erkennen und therapieren. F\u00fcr die Vollst\u00e4ndigkeit oder Richtigkeit der Informationen auf dieser Homepage kann ich keine Garantie \u00fcbernehmen. Ich kann nicht ausschlie\u00dfen, dass meine Internetseiten auch Informationen durch Dritte aufweisen. F\u00fcr diese Informationen kann ich keine Haftung \u00fcbernehmen. Dies gilt vor allem auch f\u00fcr Links zu anderen Hompages, die ich zwar immer wieder daraufhin \u00fcberpr\u00fcfe, ob sie rechtswidrige Inhalte enthalten, aber keine Gew\u00e4hr daf\u00fcr leisten kann. Die Inhalte dieser Seiten stellen nicht meine Meinung dar, die Links werden nur zur Verbesserung der Informationsvielfalt ver\u00f6ffentlicht. S\u00e4mtliche Texte und Grafiken auf meiner Website sind urheberrechtlich oder durch sonstige Schutzrechte gesch\u00fctzt. Der Gebrauch oder die Vervielf\u00e4ltigung dieser Grafiken und Texte ist ohne die vorherige schriftliche Genehmigung durch mich nicht gestattet. Um die Internetseite aktuell halten zu k\u00f6nnen, werden ich selbstverst\u00e4ndlich die Texte gegebenenfalls \u00e4ndern und oder erg\u00e4nzen. Eine Haftung aus dem Inhalt der Internetseiten ergibt sich nicht.<\/p>\n\n\n\n<p>Quellenangaben f\u00fcr die verwendeten Bilder und Grafiken: fotolia.com \u2013 Frauke Weindel<\/p>\n\n\n\n<p>Haftungsausschluss: Haftung f\u00fcr Inhalte Die Inhalte unserer Seiten wurden mit gr\u00f6\u00dfter Sorgfalt erstellt. F\u00fcr die Richtigkeit, Vollst\u00e4ndigkeit und Aktualit\u00e4t der Inhalte k\u00f6nnen wir jedoch keine Gew\u00e4hr \u00fcbernehmen. <\/p>\n\n\n\n<p>Haftung f\u00fcr Links<br>Unser Angebot enth\u00e4lt Links zu externen Webseiten Dritter, auf deren Inhalte wir keinen Einfluss haben. Deshalb k\u00f6nnen wir f\u00fcr diese fremden Inhalte auch keine Gew\u00e4hr \u00fcbernehmen. F\u00fcr die Inhalte der ver nkten Seiten ist stets der jewei ge Anbieter oder Betreiber der Seiten verantwortlich. Die verlinkten Seiten wurden zum Zeitpunkt der Ver nkung auf m\u00f6g che Rechtsverst\u00f6\u00dfe \u00fcberpr\u00fcft. Rechtswidrige Inhalte waren zum Zeitpunkt der Verlinkung nicht erkennbar. Eine permanente inhaltliche Kontrolle der verlinkten Seiten ist jedoch ohne konkrete Anhaltspunkte einer Rechtsverletzung nicht zumutbar. Bei Bekanntwerden von Rechtsverletzungen werden wir derartige nks umgehend entfernen. Urheberrecht Die durch die Seitenbetreiber erstellten Inhalte und Werke auf diesen Seiten unter egen dem deutschen Urheberrecht. Die Vervielf\u00e4ltigung, Bearbeitung, Verbreitung und jede Art der Verwertung au\u00dferhalb der Grenzen des Urheberrechtes bed\u00fcrfen der schriftlichen Zustimmung des jeweiligen Autors bzw. Erstellers. Downloads und Kopien dieser Seite sind nur f\u00fcr den privaten, nicht kommerziellen Ge auch gestattet. Soweit die Inhalte auf dieser Seite nicht vom Betreiber erstellt wurden, werden die Urheberrechte Dritter beachtet. Insbesondere werden Inhalte Dritter als solche gekennzeichnet. Sollten Sie trotzdem auf eine Urheberrechtsverletzung aufmerksam werden, bitten wir um einen entsprechenden Hinweis. Bei Bekanntwerden von Rechtsverletzungen werden wir derartige Inhalte umgehend entfernen. Datenschutz Die Nutzung unserer Webseite ist in der Regel ohne Angabe personenbezogener Daten m\u00f6glich. Soweit auf unseren Seiten personenbezogene Daten (beispielsweise Name, Anschrift oder eMail-Adressen) erhoben werden, erfolgt dies, soweit m\u00f6glich, stets auf freiwil ger Basis. Diese Daten werden ohne Ihre ausdr\u00fcck che Zustimmung nicht an Dritte weitergegeben. Wir weisen darauf hin, dass die Daten\u00fcbertragung im Internet (z.B. bei der Kommunikation per E-Mail) Sicherheitsl\u00fccken aufweisen kann. Ein l\u00fcckenloser Schutz der Daten vor dem Zugriff durch Dritte ist nicht m\u00f6g ch. Der Nutzung von im Rahmen der Impressumspflicht ver\u00f6ffentlichten Kontaktdaten durch Dritte zur \u00dcbersendung von nicht ausdr\u00fcck ch angeforderter Werbung und Informationsmateria en wird hiermit ausdr\u00fcck ch widersprochen. Ich behalte mir ausdr\u00fccklich rechtliche Schritte im Falle der unverlangten Zusendung von Werbeinformationen, etwa durch Spam-Mails, vor.<\/p>\n","protected":false},"excerpt":{"rendered":"<p>Es gelten folgende berufsrechtliche Regelungen:Heilpraktikergesetz vom 17.02.1939Angaben zur Berufshaftpflichtversicherung: Name und Sitz der Gesellschaft: Die Continentale, Gewerbehaftpflichtversicherung, Sachversicherungs AG Ruhrallee 92 44136 DortmundVerantwortlich f\u00fcr den Inhalt nach \u00a7 55 Abs. 2 RStV: Frauke Weindel, Kleiner Sommerkamp 1, 59073 HammBerufsordnung: Nachzulesen unter http: www.bdh-online.deRechtsgrundlage der Heilpraktikert\u00e4tigkeit, Heilpraktikergesetz und Durchf\u00fchrungsverordnung:&nbsp; www.gesetze-im-internet.de Internet Disclaimer Haftungsausschlu\u00df: Wir begr\u00fc\u00dfen jeden &#8230; <a title=\"Impressum\" class=\"read-more\" href=\"https:\/\/hamm-osteopathie.de\/wordpress\/impressum\/\" aria-label=\"Mehr Informationen \u00fcber Impressum\">Weiterlesen<\/a><\/p>\n","protected":false},"author":5,"featured_media":0,"parent":0,"menu_order":0,"comment_status":"closed","ping_status":"closed","template":"","meta":{"footnotes":""},"class_list":["post-46","page","type-page","status-publish"],"yoast_head":"<!-- This site is optimized with the Yoast SEO plugin v27.3 - https:\/\/yoast.com\/product\/yoast-seo-wordpress\/ -->\n<title>Impressum - Frauke Weindel<\/title>\n<meta name=\"robots\" content=\"index, follow, max-snippet:-1, max-image-preview:large, max-video-preview:-1\" \/>\n<link rel=\"canonical\" href=\"https:\/\/hamm-osteopathie.de\/wordpress\/impressum\/\" \/>\n<meta property=\"og:locale\" content=\"de_DE\" \/>\n<meta property=\"og:type\" content=\"article\" \/>\n<meta property=\"og:title\" content=\"Impressum - Frauke Weindel\" \/>\n<meta property=\"og:description\" content=\"Es gelten folgende berufsrechtliche Regelungen:Heilpraktikergesetz vom 17.02.1939Angaben zur Berufshaftpflichtversicherung: Name und Sitz der Gesellschaft: Die Continentale, Gewerbehaftpflichtversicherung, Sachversicherungs AG Ruhrallee 92 44136 DortmundVerantwortlich f\u00fcr den Inhalt nach \u00a7 55 Abs. 2 RStV: Frauke Weindel, Kleiner Sommerkamp 1, 59073 HammBerufsordnung: Nachzulesen unter http: www.bdh-online.deRechtsgrundlage der Heilpraktikert\u00e4tigkeit, Heilpraktikergesetz und Durchf\u00fchrungsverordnung:&nbsp; www.gesetze-im-internet.de Internet Disclaimer Haftungsausschlu\u00df: Wir begr\u00fc\u00dfen jeden ... Weiterlesen\" \/>\n<meta property=\"og:url\" content=\"https:\/\/hamm-osteopathie.de\/wordpress\/impressum\/\" \/>\n<meta property=\"og:site_name\" content=\"Frauke Weindel\" \/>\n<meta property=\"article:modified_time\" content=\"2024-07-02T07:53:31+00:00\" \/>\n<meta name=\"twitter:card\" content=\"summary_large_image\" \/>\n<meta name=\"twitter:label1\" content=\"Gesch\u00e4tzte Lesezeit\" \/>\n\t<meta name=\"twitter:data1\" content=\"4\u00a0Minuten\" \/>\n<script type=\"application\/ld+json\" class=\"yoast-schema-graph\">{\"@context\":\"https:\\\/\\\/schema.org\",\"@graph\":[{\"@type\":\"WebPage\",\"@id\":\"https:\\\/\\\/hamm-osteopathie.de\\\/wordpress\\\/impressum\\\/\",\"url\":\"https:\\\/\\\/hamm-osteopathie.de\\\/wordpress\\\/impressum\\\/\",\"name\":\"Impressum - Frauke Weindel\",\"isPartOf\":{\"@id\":\"https:\\\/\\\/hamm-osteopathie.de\\\/wordpress\\\/#website\"},\"datePublished\":\"2021-10-18T11:22:43+00:00\",\"dateModified\":\"2024-07-02T07:53:31+00:00\",\"breadcrumb\":{\"@id\":\"https:\\\/\\\/hamm-osteopathie.de\\\/wordpress\\\/impressum\\\/#breadcrumb\"},\"inLanguage\":\"de\",\"potentialAction\":[{\"@type\":\"ReadAction\",\"target\":[\"https:\\\/\\\/hamm-osteopathie.de\\\/wordpress\\\/impressum\\\/\"]}]},{\"@type\":\"BreadcrumbList\",\"@id\":\"https:\\\/\\\/hamm-osteopathie.de\\\/wordpress\\\/impressum\\\/#breadcrumb\",\"itemListElement\":[{\"@type\":\"ListItem\",\"position\":1,\"name\":\"Startseite\",\"item\":\"https:\\\/\\\/hamm-osteopathie.de\\\/wordpress\\\/\"},{\"@type\":\"ListItem\",\"position\":2,\"name\":\"Impressum\"}]},{\"@type\":\"WebSite\",\"@id\":\"https:\\\/\\\/hamm-osteopathie.de\\\/wordpress\\\/#website\",\"url\":\"https:\\\/\\\/hamm-osteopathie.de\\\/wordpress\\\/\",\"name\":\"Frauke Weindel\",\"description\":\"Praxis f\u00fcr Osteopathie\",\"publisher\":{\"@id\":\"https:\\\/\\\/hamm-osteopathie.de\\\/wordpress\\\/#organization\"},\"potentialAction\":[{\"@type\":\"SearchAction\",\"target\":{\"@type\":\"EntryPoint\",\"urlTemplate\":\"https:\\\/\\\/hamm-osteopathie.de\\\/wordpress\\\/?s={search_term_string}\"},\"query-input\":{\"@type\":\"PropertyValueSpecification\",\"valueRequired\":true,\"valueName\":\"search_term_string\"}}],\"inLanguage\":\"de\"},{\"@type\":\"Organization\",\"@id\":\"https:\\\/\\\/hamm-osteopathie.de\\\/wordpress\\\/#organization\",\"name\":\"Frauke Weindel\",\"url\":\"https:\\\/\\\/hamm-osteopathie.de\\\/wordpress\\\/\",\"logo\":{\"@type\":\"ImageObject\",\"inLanguage\":\"de\",\"@id\":\"https:\\\/\\\/hamm-osteopathie.de\\\/wordpress\\\/#\\\/schema\\\/logo\\\/image\\\/\",\"url\":\"https:\\\/\\\/hamm-osteopathie.de\\\/wp-content\\\/uploads\\\/2021\\\/10\\\/profilbild.jpg\",\"contentUrl\":\"https:\\\/\\\/hamm-osteopathie.de\\\/wp-content\\\/uploads\\\/2021\\\/10\\\/profilbild.jpg\",\"width\":552,\"height\":564,\"caption\":\"Frauke Weindel\"},\"image\":{\"@id\":\"https:\\\/\\\/hamm-osteopathie.de\\\/wordpress\\\/#\\\/schema\\\/logo\\\/image\\\/\"}}]}<\/script>\n<!-- \/ Yoast SEO plugin. -->","yoast_head_json":{"title":"Impressum - Frauke Weindel","robots":{"index":"index","follow":"follow","max-snippet":"max-snippet:-1","max-image-preview":"max-image-preview:large","max-video-preview":"max-video-preview:-1"},"canonical":"https:\/\/hamm-osteopathie.de\/wordpress\/impressum\/","og_locale":"de_DE","og_type":"article","og_title":"Impressum - Frauke Weindel","og_description":"Es gelten folgende berufsrechtliche Regelungen:Heilpraktikergesetz vom 17.02.1939Angaben zur Berufshaftpflichtversicherung: Name und Sitz der Gesellschaft: Die Continentale, Gewerbehaftpflichtversicherung, Sachversicherungs AG Ruhrallee 92 44136 DortmundVerantwortlich f\u00fcr den Inhalt nach \u00a7 55 Abs. 2 RStV: Frauke Weindel, Kleiner Sommerkamp 1, 59073 HammBerufsordnung: Nachzulesen unter http: www.bdh-online.deRechtsgrundlage der Heilpraktikert\u00e4tigkeit, Heilpraktikergesetz und Durchf\u00fchrungsverordnung:&nbsp; www.gesetze-im-internet.de Internet Disclaimer Haftungsausschlu\u00df: Wir begr\u00fc\u00dfen jeden ... Weiterlesen","og_url":"https:\/\/hamm-osteopathie.de\/wordpress\/impressum\/","og_site_name":"Frauke Weindel","article_modified_time":"2024-07-02T07:53:31+00:00","twitter_card":"summary_large_image","twitter_misc":{"Gesch\u00e4tzte Lesezeit":"4\u00a0Minuten"},"schema":{"@context":"https:\/\/schema.org","@graph":[{"@type":"WebPage","@id":"https:\/\/hamm-osteopathie.de\/wordpress\/impressum\/","url":"https:\/\/hamm-osteopathie.de\/wordpress\/impressum\/","name":"Impressum - Frauke Weindel","isPartOf":{"@id":"https:\/\/hamm-osteopathie.de\/wordpress\/#website"},"datePublished":"2021-10-18T11:22:43+00:00","dateModified":"2024-07-02T07:53:31+00:00","breadcrumb":{"@id":"https:\/\/hamm-osteopathie.de\/wordpress\/impressum\/#breadcrumb"},"inLanguage":"de","potentialAction":[{"@type":"ReadAction","target":["https:\/\/hamm-osteopathie.de\/wordpress\/impressum\/"]}]},{"@type":"BreadcrumbList","@id":"https:\/\/hamm-osteopathie.de\/wordpress\/impressum\/#breadcrumb","itemListElement":[{"@type":"ListItem","position":1,"name":"Startseite","item":"https:\/\/hamm-osteopathie.de\/wordpress\/"},{"@type":"ListItem","position":2,"name":"Impressum"}]},{"@type":"WebSite","@id":"https:\/\/hamm-osteopathie.de\/wordpress\/#website","url":"https:\/\/hamm-osteopathie.de\/wordpress\/","name":"Frauke Weindel","description":"Praxis f\u00fcr Osteopathie","publisher":{"@id":"https:\/\/hamm-osteopathie.de\/wordpress\/#organization"},"potentialAction":[{"@type":"SearchAction","target":{"@type":"EntryPoint","urlTemplate":"https:\/\/hamm-osteopathie.de\/wordpress\/?s={search_term_string}"},"query-input":{"@type":"PropertyValueSpecification","valueRequired":true,"valueName":"search_term_string"}}],"inLanguage":"de"},{"@type":"Organization","@id":"https:\/\/hamm-osteopathie.de\/wordpress\/#organization","name":"Frauke Weindel","url":"https:\/\/hamm-osteopathie.de\/wordpress\/","logo":{"@type":"ImageObject","inLanguage":"de","@id":"https:\/\/hamm-osteopathie.de\/wordpress\/#\/schema\/logo\/image\/","url":"https:\/\/hamm-osteopathie.de\/wp-content\/uploads\/2021\/10\/profilbild.jpg","contentUrl":"https:\/\/hamm-osteopathie.de\/wp-content\/uploads\/2021\/10\/profilbild.jpg","width":552,"height":564,"caption":"Frauke Weindel"},"image":{"@id":"https:\/\/hamm-osteopathie.de\/wordpress\/#\/schema\/logo\/image\/"}}]}},"_links":{"self":[{"href":"https:\/\/hamm-osteopathie.de\/wordpress\/wp-json\/wp\/v2\/pages\/46","targetHints":{"allow":["GET"]}}],"collection":[{"href":"https:\/\/hamm-osteopathie.de\/wordpress\/wp-json\/wp\/v2\/pages"}],"about":[{"href":"https:\/\/hamm-osteopathie.de\/wordpress\/wp-json\/wp\/v2\/types\/page"}],"author":[{"embeddable":true,"href":"https:\/\/hamm-osteopathie.de\/wordpress\/wp-json\/wp\/v2\/users\/5"}],"replies":[{"embeddable":true,"href":"https:\/\/hamm-osteopathie.de\/wordpress\/wp-json\/wp\/v2\/comments?post=46"}],"version-history":[{"count":5,"href":"https:\/\/hamm-osteopathie.de\/wordpress\/wp-json\/wp\/v2\/pages\/46\/revisions"}],"predecessor-version":[{"id":136,"href":"https:\/\/hamm-osteopathie.de\/wordpress\/wp-json\/wp\/v2\/pages\/46\/revisions\/136"}],"wp:attachment":[{"href":"https:\/\/hamm-osteopathie.de\/wordpress\/wp-json\/wp\/v2\/media?parent=46"}],"curies":[{"name":"wp","href":"https:\/\/api.w.org\/{rel}","templated":true}]}}