{"id":40,"date":"2021-10-18T13:21:07","date_gmt":"2021-10-18T11:21:07","guid":{"rendered":"https:\/\/hamm-osteopathie.de\/frauke\/?page_id=40"},"modified":"2021-10-30T11:56:08","modified_gmt":"2021-10-30T09:56:08","slug":"meine-praxis","status":"publish","type":"page","link":"https:\/\/hamm-osteopathie.de\/wordpress\/meine-praxis\/","title":{"rendered":"Meine Praxis"},"content":{"rendered":"\n<p>Die Praxis befindet sich im Herzen von Hamm-Heessen. Sie liegt ebenerdig und verf\u00fcgt \u00fcber kostenlose Parkpl\u00e4tze direkt vor der T\u00fcr.<\/p>\n\n\n\n<figure class=\"wp-block-gallery columns-3 is-cropped wp-block-gallery-1 is-layout-flex wp-block-gallery-is-layout-flex\"><ul class=\"blocks-gallery-grid\"><li class=\"blocks-gallery-item\"><figure><img loading=\"lazy\" decoding=\"async\" width=\"768\" height=\"1024\" src=\"https:\/\/hamm-osteopathie.de\r\n\r\n\r\n\r\n\/wp-content\/uploads\/2021\/10\/IMG-20150125-WA0013-768x1024.jpg\" alt=\"\" data-id=\"15\" data-full-url=\"https:\/\/hamm-osteopathie.de\r\n\r\n\r\n\r\n\/wp-content\/uploads\/2021\/10\/IMG-20150125-WA0013.jpg\" data-link=\"https:\/\/hamm-osteopathie.de\/img-20150125-wa0013\/\" class=\"wp-image-15\" srcset=\"https:\/\/hamm-osteopathie.de\/wp-content\/uploads\/2021\/10\/IMG-20150125-WA0013-768x1024.jpg 768w, https:\/\/hamm-osteopathie.de\/wp-content\/uploads\/2021\/10\/IMG-20150125-WA0013-225x300.jpg 225w, https:\/\/hamm-osteopathie.de\/wp-content\/uploads\/2021\/10\/IMG-20150125-WA0013.jpg 960w\" sizes=\"auto, (max-width: 768px) 100vw, 768px\" \/><\/figure><\/li><li class=\"blocks-gallery-item\"><figure><img loading=\"lazy\" decoding=\"async\" width=\"1024\" height=\"768\" src=\"https:\/\/hamm-osteopathie.de\r\n\r\n\r\n\r\n\/wp-content\/uploads\/2021\/10\/IMG-20150125-WA0012-1024x768.jpg\" alt=\"\" data-id=\"14\" data-full-url=\"https:\/\/hamm-osteopathie.de\r\n\r\n\r\n\r\n\/wp-content\/uploads\/2021\/10\/IMG-20150125-WA0012.jpg\" data-link=\"https:\/\/hamm-osteopathie.de\/img-20150125-wa0012\/\" class=\"wp-image-14\" srcset=\"https:\/\/hamm-osteopathie.de\/wp-content\/uploads\/2021\/10\/IMG-20150125-WA0012-1024x768.jpg 1024w, https:\/\/hamm-osteopathie.de\/wp-content\/uploads\/2021\/10\/IMG-20150125-WA0012-300x225.jpg 300w, https:\/\/hamm-osteopathie.de\/wp-content\/uploads\/2021\/10\/IMG-20150125-WA0012-768x576.jpg 768w, https:\/\/hamm-osteopathie.de\/wp-content\/uploads\/2021\/10\/IMG-20150125-WA0012.jpg 1280w\" sizes=\"auto, (max-width: 1024px) 100vw, 1024px\" \/><\/figure><\/li><li class=\"blocks-gallery-item\"><figure><img loading=\"lazy\" decoding=\"async\" width=\"768\" height=\"1024\" src=\"https:\/\/hamm-osteopathie.de\r\n\r\n\r\n\r\n\/wp-content\/uploads\/2021\/10\/IMG-20150125-WA0010-768x1024.jpg\" alt=\"\" data-id=\"12\" data-full-url=\"https:\/\/hamm-osteopathie.de\r\n\r\n\r\n\r\n\/wp-content\/uploads\/2021\/10\/IMG-20150125-WA0010.jpg\" data-link=\"https:\/\/hamm-osteopathie.de\/img-20150125-wa0010\/\" class=\"wp-image-12\" srcset=\"https:\/\/hamm-osteopathie.de\/wp-content\/uploads\/2021\/10\/IMG-20150125-WA0010-768x1024.jpg 768w, https:\/\/hamm-osteopathie.de\/wp-content\/uploads\/2021\/10\/IMG-20150125-WA0010-225x300.jpg 225w, https:\/\/hamm-osteopathie.de\/wp-content\/uploads\/2021\/10\/IMG-20150125-WA0010.jpg 960w\" sizes=\"auto, (max-width: 768px) 100vw, 768px\" \/><\/figure><\/li><li class=\"blocks-gallery-item\"><figure><img loading=\"lazy\" decoding=\"async\" width=\"768\" height=\"1024\" src=\"https:\/\/hamm-osteopathie.de\r\n\r\n\r\n\r\n\/wp-content\/uploads\/2021\/10\/IMG-20150125-WA0011-768x1024.jpg\" alt=\"\" data-id=\"13\" data-full-url=\"https:\/\/hamm-osteopathie.de\r\n\r\n\r\n\r\n\/wp-content\/uploads\/2021\/10\/IMG-20150125-WA0011.jpg\" data-link=\"https:\/\/hamm-osteopathie.de\/img-20150125-wa0011\/\" class=\"wp-image-13\" srcset=\"https:\/\/hamm-osteopathie.de\/wp-content\/uploads\/2021\/10\/IMG-20150125-WA0011-768x1024.jpg 768w, https:\/\/hamm-osteopathie.de\/wp-content\/uploads\/2021\/10\/IMG-20150125-WA0011-225x300.jpg 225w, https:\/\/hamm-osteopathie.de\/wp-content\/uploads\/2021\/10\/IMG-20150125-WA0011.jpg 960w\" sizes=\"auto, (max-width: 768px) 100vw, 768px\" \/><\/figure><\/li><li class=\"blocks-gallery-item\"><figure><img loading=\"lazy\" decoding=\"async\" width=\"1024\" height=\"768\" src=\"https:\/\/hamm-osteopathie.de\r\n\r\n\r\n\r\n\/wp-content\/uploads\/2021\/10\/IMG-20150125-WA0009-1024x768.jpg\" alt=\"\" data-id=\"11\" data-full-url=\"https:\/\/hamm-osteopathie.de\r\n\r\n\r\n\r\n\/wp-content\/uploads\/2021\/10\/IMG-20150125-WA0009.jpg\" data-link=\"https:\/\/hamm-osteopathie.de\/img-20150125-wa0009\/\" class=\"wp-image-11\" srcset=\"https:\/\/hamm-osteopathie.de\/wp-content\/uploads\/2021\/10\/IMG-20150125-WA0009-1024x768.jpg 1024w, https:\/\/hamm-osteopathie.de\/wp-content\/uploads\/2021\/10\/IMG-20150125-WA0009-300x225.jpg 300w, https:\/\/hamm-osteopathie.de\/wp-content\/uploads\/2021\/10\/IMG-20150125-WA0009-768x576.jpg 768w, https:\/\/hamm-osteopathie.de\/wp-content\/uploads\/2021\/10\/IMG-20150125-WA0009.jpg 1280w\" sizes=\"auto, (max-width: 1024px) 100vw, 1024px\" \/><\/figure><\/li><li class=\"blocks-gallery-item\"><figure><img loading=\"lazy\" decoding=\"async\" width=\"768\" height=\"1024\" src=\"https:\/\/hamm-osteopathie.de\r\n\r\n\r\n\r\n\/wp-content\/uploads\/2021\/10\/IMG-20150125-WA0008-768x1024.jpg\" alt=\"\" data-id=\"10\" data-full-url=\"https:\/\/hamm-osteopathie.de\r\n\r\n\r\n\r\n\/wp-content\/uploads\/2021\/10\/IMG-20150125-WA0008.jpg\" data-link=\"https:\/\/hamm-osteopathie.de\/img-20150125-wa0008\/\" class=\"wp-image-10\" srcset=\"https:\/\/hamm-osteopathie.de\/wp-content\/uploads\/2021\/10\/IMG-20150125-WA0008-768x1024.jpg 768w, https:\/\/hamm-osteopathie.de\/wp-content\/uploads\/2021\/10\/IMG-20150125-WA0008-225x300.jpg 225w, https:\/\/hamm-osteopathie.de\/wp-content\/uploads\/2021\/10\/IMG-20150125-WA0008.jpg 960w\" sizes=\"auto, (max-width: 768px) 100vw, 768px\" \/><\/figure><\/li><li class=\"blocks-gallery-item\"><figure><img loading=\"lazy\" decoding=\"async\" width=\"1024\" height=\"768\" src=\"https:\/\/hamm-osteopathie.de\r\n\r\n\r\n\r\n\/wp-content\/uploads\/2021\/10\/IMG-20150125-WA0007-1024x768.jpg\" alt=\"\" data-id=\"9\" data-full-url=\"https:\/\/hamm-osteopathie.de\r\n\r\n\r\n\r\n\/wp-content\/uploads\/2021\/10\/IMG-20150125-WA0007.jpg\" data-link=\"https:\/\/hamm-osteopathie.de\/img-20150125-wa0007\/\" class=\"wp-image-9\" srcset=\"https:\/\/hamm-osteopathie.de\/wp-content\/uploads\/2021\/10\/IMG-20150125-WA0007-1024x768.jpg 1024w, https:\/\/hamm-osteopathie.de\/wp-content\/uploads\/2021\/10\/IMG-20150125-WA0007-300x225.jpg 300w, https:\/\/hamm-osteopathie.de\/wp-content\/uploads\/2021\/10\/IMG-20150125-WA0007-768x576.jpg 768w, https:\/\/hamm-osteopathie.de\/wp-content\/uploads\/2021\/10\/IMG-20150125-WA0007.jpg 1280w\" sizes=\"auto, (max-width: 1024px) 100vw, 1024px\" \/><\/figure><\/li><\/ul><\/figure>\n\n\n\n<figure class=\"wp-block-gallery columns-0 is-cropped wp-block-gallery-2 is-layout-flex wp-block-gallery-is-layout-flex\"><ul class=\"blocks-gallery-grid\"><\/ul><\/figure>\n","protected":false},"excerpt":{"rendered":"<p>Die Praxis befindet sich im Herzen von Hamm-Heessen. Sie liegt ebenerdig und verf\u00fcgt \u00fcber kostenlose Parkpl\u00e4tze direkt vor der T\u00fcr.<\/p>\n","protected":false},"author":5,"featured_media":0,"parent":0,"menu_order":0,"comment_status":"closed","ping_status":"closed","template":"","meta":{"footnotes":""},"class_list":["post-40","page","type-page","status-publish"],"yoast_head":"<!-- This site is optimized with the Yoast SEO plugin v27.4 - https:\/\/yoast.com\/product\/yoast-seo-wordpress\/ -->\n<title>Meine Praxis - Frauke Weindel<\/title>\n<meta name=\"robots\" content=\"index, follow, max-snippet:-1, max-image-preview:large, max-video-preview:-1\" \/>\n<link rel=\"canonical\" href=\"https:\/\/hamm-osteopathie.de\/wordpress\/meine-praxis\/\" \/>\n<meta property=\"og:locale\" content=\"de_DE\" \/>\n<meta property=\"og:type\" content=\"article\" \/>\n<meta property=\"og:title\" content=\"Meine Praxis - Frauke Weindel\" \/>\n<meta property=\"og:description\" content=\"Die Praxis befindet sich im Herzen von Hamm-Heessen. Sie liegt ebenerdig und verf\u00fcgt \u00fcber kostenlose Parkpl\u00e4tze direkt vor der T\u00fcr.\" \/>\n<meta property=\"og:url\" content=\"https:\/\/hamm-osteopathie.de\/wordpress\/meine-praxis\/\" \/>\n<meta property=\"og:site_name\" content=\"Frauke Weindel\" \/>\n<meta property=\"article:modified_time\" content=\"2021-10-30T09:56:08+00:00\" \/>\n<meta name=\"twitter:card\" content=\"summary_large_image\" \/>\n<script type=\"application\/ld+json\" class=\"yoast-schema-graph\">{\"@context\":\"https:\\\/\\\/schema.org\",\"@graph\":[{\"@type\":\"WebPage\",\"@id\":\"https:\\\/\\\/hamm-osteopathie.de\\\/wordpress\\\/meine-praxis\\\/\",\"url\":\"https:\\\/\\\/hamm-osteopathie.de\\\/wordpress\\\/meine-praxis\\\/\",\"name\":\"Meine Praxis - Frauke Weindel\",\"isPartOf\":{\"@id\":\"https:\\\/\\\/hamm-osteopathie.de\\\/wordpress\\\/#website\"},\"datePublished\":\"2021-10-18T11:21:07+00:00\",\"dateModified\":\"2021-10-30T09:56:08+00:00\",\"breadcrumb\":{\"@id\":\"https:\\\/\\\/hamm-osteopathie.de\\\/wordpress\\\/meine-praxis\\\/#breadcrumb\"},\"inLanguage\":\"de\",\"potentialAction\":[{\"@type\":\"ReadAction\",\"target\":[\"https:\\\/\\\/hamm-osteopathie.de\\\/wordpress\\\/meine-praxis\\\/\"]}]},{\"@type\":\"BreadcrumbList\",\"@id\":\"https:\\\/\\\/hamm-osteopathie.de\\\/wordpress\\\/meine-praxis\\\/#breadcrumb\",\"itemListElement\":[{\"@type\":\"ListItem\",\"position\":1,\"name\":\"Startseite\",\"item\":\"https:\\\/\\\/hamm-osteopathie.de\\\/wordpress\\\/\"},{\"@type\":\"ListItem\",\"position\":2,\"name\":\"Meine Praxis\"}]},{\"@type\":\"WebSite\",\"@id\":\"https:\\\/\\\/hamm-osteopathie.de\\\/wordpress\\\/#website\",\"url\":\"https:\\\/\\\/hamm-osteopathie.de\\\/wordpress\\\/\",\"name\":\"Frauke Weindel\",\"description\":\"Praxis f\u00fcr Osteopathie\",\"publisher\":{\"@id\":\"https:\\\/\\\/hamm-osteopathie.de\\\/wordpress\\\/#organization\"},\"potentialAction\":[{\"@type\":\"SearchAction\",\"target\":{\"@type\":\"EntryPoint\",\"urlTemplate\":\"https:\\\/\\\/hamm-osteopathie.de\\\/wordpress\\\/?s={search_term_string}\"},\"query-input\":{\"@type\":\"PropertyValueSpecification\",\"valueRequired\":true,\"valueName\":\"search_term_string\"}}],\"inLanguage\":\"de\"},{\"@type\":\"Organization\",\"@id\":\"https:\\\/\\\/hamm-osteopathie.de\\\/wordpress\\\/#organization\",\"name\":\"Frauke Weindel\",\"url\":\"https:\\\/\\\/hamm-osteopathie.de\\\/wordpress\\\/\",\"logo\":{\"@type\":\"ImageObject\",\"inLanguage\":\"de\",\"@id\":\"https:\\\/\\\/hamm-osteopathie.de\\\/wordpress\\\/#\\\/schema\\\/logo\\\/image\\\/\",\"url\":\"https:\\\/\\\/hamm-osteopathie.de\\\/wp-content\\\/uploads\\\/2021\\\/10\\\/profilbild.jpg\",\"contentUrl\":\"https:\\\/\\\/hamm-osteopathie.de\\\/wp-content\\\/uploads\\\/2021\\\/10\\\/profilbild.jpg\",\"width\":552,\"height\":564,\"caption\":\"Frauke Weindel\"},\"image\":{\"@id\":\"https:\\\/\\\/hamm-osteopathie.de\\\/wordpress\\\/#\\\/schema\\\/logo\\\/image\\\/\"}}]}<\/script>\n<!-- \/ Yoast SEO plugin. -->","yoast_head_json":{"title":"Meine Praxis - Frauke Weindel","robots":{"index":"index","follow":"follow","max-snippet":"max-snippet:-1","max-image-preview":"max-image-preview:large","max-video-preview":"max-video-preview:-1"},"canonical":"https:\/\/hamm-osteopathie.de\/wordpress\/meine-praxis\/","og_locale":"de_DE","og_type":"article","og_title":"Meine Praxis - Frauke Weindel","og_description":"Die Praxis befindet sich im Herzen von Hamm-Heessen. Sie liegt ebenerdig und verf\u00fcgt \u00fcber kostenlose Parkpl\u00e4tze direkt vor der T\u00fcr.","og_url":"https:\/\/hamm-osteopathie.de\/wordpress\/meine-praxis\/","og_site_name":"Frauke Weindel","article_modified_time":"2021-10-30T09:56:08+00:00","twitter_card":"summary_large_image","schema":{"@context":"https:\/\/schema.org","@graph":[{"@type":"WebPage","@id":"https:\/\/hamm-osteopathie.de\/wordpress\/meine-praxis\/","url":"https:\/\/hamm-osteopathie.de\/wordpress\/meine-praxis\/","name":"Meine Praxis - Frauke Weindel","isPartOf":{"@id":"https:\/\/hamm-osteopathie.de\/wordpress\/#website"},"datePublished":"2021-10-18T11:21:07+00:00","dateModified":"2021-10-30T09:56:08+00:00","breadcrumb":{"@id":"https:\/\/hamm-osteopathie.de\/wordpress\/meine-praxis\/#breadcrumb"},"inLanguage":"de","potentialAction":[{"@type":"ReadAction","target":["https:\/\/hamm-osteopathie.de\/wordpress\/meine-praxis\/"]}]},{"@type":"BreadcrumbList","@id":"https:\/\/hamm-osteopathie.de\/wordpress\/meine-praxis\/#breadcrumb","itemListElement":[{"@type":"ListItem","position":1,"name":"Startseite","item":"https:\/\/hamm-osteopathie.de\/wordpress\/"},{"@type":"ListItem","position":2,"name":"Meine Praxis"}]},{"@type":"WebSite","@id":"https:\/\/hamm-osteopathie.de\/wordpress\/#website","url":"https:\/\/hamm-osteopathie.de\/wordpress\/","name":"Frauke Weindel","description":"Praxis f\u00fcr Osteopathie","publisher":{"@id":"https:\/\/hamm-osteopathie.de\/wordpress\/#organization"},"potentialAction":[{"@type":"SearchAction","target":{"@type":"EntryPoint","urlTemplate":"https:\/\/hamm-osteopathie.de\/wordpress\/?s={search_term_string}"},"query-input":{"@type":"PropertyValueSpecification","valueRequired":true,"valueName":"search_term_string"}}],"inLanguage":"de"},{"@type":"Organization","@id":"https:\/\/hamm-osteopathie.de\/wordpress\/#organization","name":"Frauke Weindel","url":"https:\/\/hamm-osteopathie.de\/wordpress\/","logo":{"@type":"ImageObject","inLanguage":"de","@id":"https:\/\/hamm-osteopathie.de\/wordpress\/#\/schema\/logo\/image\/","url":"https:\/\/hamm-osteopathie.de\/wp-content\/uploads\/2021\/10\/profilbild.jpg","contentUrl":"https:\/\/hamm-osteopathie.de\/wp-content\/uploads\/2021\/10\/profilbild.jpg","width":552,"height":564,"caption":"Frauke Weindel"},"image":{"@id":"https:\/\/hamm-osteopathie.de\/wordpress\/#\/schema\/logo\/image\/"}}]}},"_links":{"self":[{"href":"https:\/\/hamm-osteopathie.de\/wordpress\/wp-json\/wp\/v2\/pages\/40","targetHints":{"allow":["GET"]}}],"collection":[{"href":"https:\/\/hamm-osteopathie.de\/wordpress\/wp-json\/wp\/v2\/pages"}],"about":[{"href":"https:\/\/hamm-osteopathie.de\/wordpress\/wp-json\/wp\/v2\/types\/page"}],"author":[{"embeddable":true,"href":"https:\/\/hamm-osteopathie.de\/wordpress\/wp-json\/wp\/v2\/users\/5"}],"replies":[{"embeddable":true,"href":"https:\/\/hamm-osteopathie.de\/wordpress\/wp-json\/wp\/v2\/comments?post=40"}],"version-history":[{"count":5,"href":"https:\/\/hamm-osteopathie.de\/wordpress\/wp-json\/wp\/v2\/pages\/40\/revisions"}],"predecessor-version":[{"id":90,"href":"https:\/\/hamm-osteopathie.de\/wordpress\/wp-json\/wp\/v2\/pages\/40\/revisions\/90"}],"wp:attachment":[{"href":"https:\/\/hamm-osteopathie.de\/wordpress\/wp-json\/wp\/v2\/media?parent=40"}],"curies":[{"name":"wp","href":"https:\/\/api.w.org\/{rel}","templated":true}]}}